{"id":78,"date":"2021-02-10T20:21:41","date_gmt":"2021-02-10T20:21:41","guid":{"rendered":"https:\/\/brtranslog.com.br\/mudar\/?page_id=78"},"modified":"2021-04-01T13:59:15","modified_gmt":"2021-04-01T13:59:15","slug":"brtranslog","status":"publish","type":"page","link":"https:\/\/brtranslog.com.br\/mudar\/brtranslog\/","title":{"rendered":"Brtranslog"},"content":{"rendered":"\t\t<div data-elementor-type=\"wp-page\" data-elementor-id=\"78\" class=\"elementor elementor-78\">\n\t\t\t\t\t\t<section class=\"elementor-section elementor-top-section elementor-element elementor-element-94c7300 elementor-section-boxed elementor-section-height-default elementor-section-height-default\" data-id=\"94c7300\" data-element_type=\"section\" data-e-type=\"section\" data-settings=\"{&quot;background_background&quot;:&quot;classic&quot;}\">\n\t\t\t\t\t\t<div class=\"elementor-container elementor-column-gap-default\">\n\t\t\t\t\t<div class=\"elementor-column elementor-col-100 elementor-top-column elementor-element elementor-element-a987924\" data-id=\"a987924\" data-element_type=\"column\" data-e-type=\"column\">\n\t\t\t<div class=\"elementor-widget-wrap elementor-element-populated\">\n\t\t\t\t\t\t<div class=\"elementor-element elementor-element-a744e73 elementor-widget elementor-widget-heading\" data-id=\"a744e73\" data-element_type=\"widget\" data-e-type=\"widget\" data-widget_type=\"heading.default\">\n\t\t\t\t<div class=\"elementor-widget-container\">\n\t\t\t\t\t<h1 class=\"elementor-heading-title elementor-size-default\">Sobre<\/h1>\t\t\t\t<\/div>\n\t\t\t\t<\/div>\n\t\t\t\t\t<\/div>\n\t\t<\/div>\n\t\t\t\t\t<\/div>\n\t\t<\/section>\n\t\t\t\t<section class=\"elementor-section elementor-top-section elementor-element elementor-element-dd7c1db elementor-section-boxed elementor-section-height-default elementor-section-height-default\" data-id=\"dd7c1db\" data-element_type=\"section\" data-e-type=\"section\">\n\t\t\t\t\t\t<div class=\"elementor-container elementor-column-gap-default\">\n\t\t\t\t\t<div class=\"elementor-column elementor-col-66 elementor-top-column elementor-element elementor-element-49eaeae\" data-id=\"49eaeae\" data-element_type=\"column\" data-e-type=\"column\">\n\t\t\t<div class=\"elementor-widget-wrap elementor-element-populated\">\n\t\t\t\t\t\t<div class=\"elementor-element elementor-element-bbc9a47 elementor-widget elementor-widget-image\" data-id=\"bbc9a47\" data-element_type=\"widget\" data-e-type=\"widget\" data-widget_type=\"image.default\">\n\t\t\t\t<div class=\"elementor-widget-container\">\n\t\t\t\t\t\t\t\t\t\t\t\t\t\t\t<img fetchpriority=\"high\" decoding=\"async\" width=\"720\" height=\"342\" src=\"https:\/\/brtranslog.com.br\/mudar\/wp-content\/uploads\/2021\/02\/map-of-the-world-background-paper-2401458-e1617285506410.jpg\" class=\"attachment-full size-full wp-image-199\" alt=\"map of the world, background, paper\" \/>\t\t\t\t\t\t\t\t\t\t\t\t\t\t\t<\/div>\n\t\t\t\t<\/div>\n\t\t\t\t<section class=\"elementor-section elementor-inner-section elementor-element elementor-element-265b367 elementor-section-boxed elementor-section-height-default elementor-section-height-default\" data-id=\"265b367\" data-element_type=\"section\" data-e-type=\"section\">\n\t\t\t\t\t\t<div class=\"elementor-container elementor-column-gap-default\">\n\t\t\t\t\t<div class=\"elementor-column elementor-col-50 elementor-inner-column elementor-element elementor-element-f4a0a7a\" data-id=\"f4a0a7a\" data-element_type=\"column\" data-e-type=\"column\">\n\t\t\t<div class=\"elementor-widget-wrap elementor-element-populated\">\n\t\t\t\t\t\t<div class=\"elementor-element elementor-element-f828dab elementor-widget elementor-widget-heading\" data-id=\"f828dab\" data-element_type=\"widget\" data-e-type=\"widget\" data-widget_type=\"heading.default\">\n\t\t\t\t<div class=\"elementor-widget-container\">\n\t\t\t\t\t<h2 class=\"elementor-heading-title elementor-size-default\">Sobre n\u00f3s<\/h2>\t\t\t\t<\/div>\n\t\t\t\t<\/div>\n\t\t\t\t\t<\/div>\n\t\t<\/div>\n\t\t\t\t<div class=\"elementor-column elementor-col-50 elementor-inner-column elementor-element elementor-element-53f63b0\" data-id=\"53f63b0\" data-element_type=\"column\" data-e-type=\"column\">\n\t\t\t<div class=\"elementor-widget-wrap elementor-element-populated\">\n\t\t\t\t\t\t<div class=\"elementor-element elementor-element-9850e26 elementor-widget-divider--separator-type-pattern elementor-widget-divider--view-line elementor-widget elementor-widget-divider\" data-id=\"9850e26\" data-element_type=\"widget\" data-e-type=\"widget\" data-widget_type=\"divider.default\">\n\t\t\t\t<div class=\"elementor-widget-container\">\n\t\t\t\t\t\t\t<div class=\"elementor-divider\" style=\"--divider-pattern-url: url(&quot;data:image\/svg+xml,%3Csvg xmlns=&#039;http:\/\/www.w3.org\/2000\/svg&#039; preserveAspectRatio=&#039;none&#039; overflow=&#039;visible&#039; height=&#039;100%&#039; viewBox=&#039;0 0 20 16&#039; fill=&#039;none&#039; stroke=&#039;black&#039; stroke-width=&#039;1&#039; stroke-linecap=&#039;square&#039; stroke-miterlimit=&#039;10&#039;%3E%3Cg transform=&#039;translate(-12.000000, 0)&#039;%3E%3Cpath d=&#039;M28,0L10,18&#039;\/%3E%3Cpath d=&#039;M18,0L0,18&#039;\/%3E%3Cpath d=&#039;M48,0L30,18&#039;\/%3E%3Cpath d=&#039;M38,0L20,18&#039;\/%3E%3C\/g%3E%3C\/svg%3E&quot;);\">\n\t\t\t<span class=\"elementor-divider-separator\">\n\t\t\t\t\t\t<\/span>\n\t\t<\/div>\n\t\t\t\t\t\t<\/div>\n\t\t\t\t<\/div>\n\t\t\t\t\t<\/div>\n\t\t<\/div>\n\t\t\t\t\t<\/div>\n\t\t<\/section>\n\t\t\t\t<div class=\"elementor-element elementor-element-883c67d elementor-widget elementor-widget-text-editor\" data-id=\"883c67d\" data-element_type=\"widget\" data-e-type=\"widget\" data-widget_type=\"text-editor.default\">\n\t\t\t\t<div class=\"elementor-widget-container\">\n\t\t\t\t\t\t\t\t\t<div><p>A <span style=\"color: #00ccff;\">Br<\/span>translog desde 2010 atua no transporte rodovi\u00e1rio de cargas de importa\u00e7\u00e3o e exporta\u00e7\u00e3o. Temos como grande diferencial no mercado agregando ao transporte rodovi\u00e1rio, servi\u00e7os de terminal, armazenagem de conteineres, carga solta, pr\u00e9-stacking, ova e desova de conteineres, desova direta para caminh\u00e3o (DDC) e armaz\u00e9ns gerais.<\/p><p>O transporte de volumes menores (carga LCL) tamb\u00e9m \u00e9 um diferencial da Brtranslog, trabalhamos com pequenos volumes, caixas de madeira, pallets, carga solta em geral. Utilizamos para estes transportes ve\u00edculos de pequeno porte, caminh\u00e3o, ba\u00fa 3\/4, toco, truck, fiorino, transit, adequando o ve\u00edculo \u00e0 mercadoria a ser transportada.<\/p><p><span style=\"font-size: 16px;\">Nosso principal objetivo \u00e9 entregar sua carga com seguran\u00e7a,\u00a0 seguindo sempre os padr\u00f5es de seguran\u00e7a e cumprindo rigorosamente o gerenciamento de riscos estipulado pela cia. seguradora.<\/span><\/p><\/div><div>Brtranslog conta com uma gama grande de servi\u00e7os e equipamentos que contempla toda log\u00edstica da carga transportada:<\/div><div>\u00a0<\/div><div><p>\u2013 Frota pr\u00f3pria com ve\u00edculos rastreados e monitorados;<\/p><p>\u2013 Frota com ve\u00edculos agregados autorizados pela gerenciadora de riscos;<\/p><p>\u2013 An\u00e1lise pr\u00e9via dos riscos de toda a carga transportada;<\/p><p>\u2013 Seguro mercadoria (RCTR-C\/RCF-DC);<\/p><p>\u2013 Rapidez e efici\u00eancia no cumprimento de prazos;<\/p><p>\u2013 Acompanhamento do transporte at\u00e9 a entrega;<\/p><p>\u2013 Controle de vencimento de armazenagem e demurrage;<\/p><p>\u2013 Contato dedicado e exclusivo ao atendimento ao cliente via WhatsApp;<\/p><p>\u2013 Equipe comprometida com atendimento ao cliente.<\/p><p>&#8211; Servi\u00e7o de terminal: armazenagem, pr\u00e9-stacking de conteineres, ova e desova, DDC (descarga direta para caminh\u00e3o) e armaz\u00e9m geral.<\/p><\/div>\t\t\t\t\t\t\t\t<\/div>\n\t\t\t\t<\/div>\n\t\t\t\t\t<\/div>\n\t\t<\/div>\n\t\t\t\t<div class=\"elementor-column elementor-col-33 elementor-top-column elementor-element elementor-element-1e866d1\" data-id=\"1e866d1\" data-element_type=\"column\" data-e-type=\"column\">\n\t\t\t<div class=\"elementor-widget-wrap elementor-element-populated\">\n\t\t\t\t\t\t<div class=\"elementor-element elementor-element-5bc10a1 elementor-widget elementor-widget-heading\" data-id=\"5bc10a1\" data-element_type=\"widget\" data-e-type=\"widget\" data-widget_type=\"heading.default\">\n\t\t\t\t<div class=\"elementor-widget-container\">\n\t\t\t\t\t<h2 class=\"elementor-heading-title elementor-size-default\">Como n\u00f3s podemos te ajudar?<\/h2>\t\t\t\t<\/div>\n\t\t\t\t<\/div>\n\t\t\t\t<div class=\"elementor-element elementor-element-1ddc3cb elementor-widget elementor-widget-text-editor\" data-id=\"1ddc3cb\" data-element_type=\"widget\" data-e-type=\"widget\" data-widget_type=\"text-editor.default\">\n\t\t\t\t<div class=\"elementor-widget-container\">\n\t\t\t\t\t\t\t\t\t<p>Estamos ansiosos para ajud\u00e1-lo.<\/p><p>\u00a0<\/p>\t\t\t\t\t\t\t\t<\/div>\n\t\t\t\t<\/div>\n\t\t\t\t<div class=\"elementor-element elementor-element-c7daa50 elementor-align-left elementor-widget elementor-widget-button\" data-id=\"c7daa50\" data-element_type=\"widget\" data-e-type=\"widget\" data-widget_type=\"button.default\">\n\t\t\t\t<div class=\"elementor-widget-container\">\n\t\t\t\t\t\t\t\t\t<div class=\"elementor-button-wrapper\">\n\t\t\t\t\t<a class=\"elementor-button elementor-button-link elementor-size-sm\" href=\"#\">\n\t\t\t\t\t\t<span class=\"elementor-button-content-wrapper\">\n\t\t\t\t\t\t<span class=\"elementor-button-icon\">\n\t\t\t\t<i aria-hidden=\"true\" class=\"fas fa-chevron-right\"><\/i>\t\t\t<\/span>\n\t\t\t\t\t\t\t\t\t<span class=\"elementor-button-text\">Entre em contato<\/span>\n\t\t\t\t\t<\/span>\n\t\t\t\t\t<\/a>\n\t\t\t\t<\/div>\n\t\t\t\t\t\t\t\t<\/div>\n\t\t\t\t<\/div>\n\t\t\t\t\t<\/div>\n\t\t<\/div>\n\t\t\t\t\t<\/div>\n\t\t<\/section>\n\t\t\t\t<\/div>\n\t\t","protected":false},"excerpt":{"rendered":"<p>Sobre Sobre n\u00f3s A Brtranslog desde 2010 atua no transporte rodovi\u00e1rio de cargas de importa\u00e7\u00e3o e exporta\u00e7\u00e3o. Temos como grande diferencial no mercado agregando ao transporte rodovi\u00e1rio, servi\u00e7os de terminal, armazenagem de conteineres, carga solta, pr\u00e9-stacking, ova e desova de conteineres, desova direta para caminh\u00e3o (DDC) e armaz\u00e9ns gerais. O transporte de volumes menores (carga [&hellip;]<\/p>\n","protected":false},"author":1,"featured_media":0,"parent":0,"menu_order":0,"comment_status":"closed","ping_status":"closed","template":"","meta":{"site-sidebar-layout":"no-sidebar","site-content-layout":"page-builder","ast-site-content-layout":"default","site-content-style":"default","site-sidebar-style":"default","ast-global-header-display":"","ast-banner-title-visibility":"","ast-main-header-display":"","ast-hfb-above-header-display":"","ast-hfb-below-header-display":"","ast-hfb-mobile-header-display":"","site-post-title":"disabled","ast-breadcrumbs-content":"","ast-featured-img":"disabled","footer-sml-layout":"","ast-disable-related-posts":"","theme-transparent-header-meta":"default","adv-header-id-meta":"","stick-header-meta":"","header-above-stick-meta":"","header-main-stick-meta":"","header-below-stick-meta":"","astra-migrate-meta-layouts":"default","ast-page-background-enabled":"default","ast-page-background-meta":{"desktop":{"background-color":"","background-image":"","background-repeat":"repeat","background-position":"center center","background-size":"auto","background-attachment":"scroll","background-type":"","background-media":"","overlay-type":"","overlay-color":"","overlay-opacity":"","overlay-gradient":""},"tablet":{"background-color":"","background-image":"","background-repeat":"repeat","background-position":"center center","background-size":"auto","background-attachment":"scroll","background-type":"","background-media":"","overlay-type":"","overlay-color":"","overlay-opacity":"","overlay-gradient":""},"mobile":{"background-color":"","background-image":"","background-repeat":"repeat","background-position":"center center","background-size":"auto","background-attachment":"scroll","background-type":"","background-media":"","overlay-type":"","overlay-color":"","overlay-opacity":"","overlay-gradient":""}},"ast-content-background-meta":{"desktop":{"background-color":"var(--ast-global-color-5)","background-image":"","background-repeat":"repeat","background-position":"center center","background-size":"auto","background-attachment":"scroll","background-type":"","background-media":"","overlay-type":"","overlay-color":"","overlay-opacity":"","overlay-gradient":""},"tablet":{"background-color":"var(--ast-global-color-5)","background-image":"","background-repeat":"repeat","background-position":"center center","background-size":"auto","background-attachment":"scroll","background-type":"","background-media":"","overlay-type":"","overlay-color":"","overlay-opacity":"","overlay-gradient":""},"mobile":{"background-color":"var(--ast-global-color-5)","background-image":"","background-repeat":"repeat","background-position":"center center","background-size":"auto","background-attachment":"scroll","background-type":"","background-media":"","overlay-type":"","overlay-color":"","overlay-opacity":"","overlay-gradient":""}},"footnotes":""},"class_list":["post-78","page","type-page","status-publish","hentry"],"_links":{"self":[{"href":"https:\/\/brtranslog.com.br\/mudar\/wp-json\/wp\/v2\/pages\/78","targetHints":{"allow":["GET"]}}],"collection":[{"href":"https:\/\/brtranslog.com.br\/mudar\/wp-json\/wp\/v2\/pages"}],"about":[{"href":"https:\/\/brtranslog.com.br\/mudar\/wp-json\/wp\/v2\/types\/page"}],"author":[{"embeddable":true,"href":"https:\/\/brtranslog.com.br\/mudar\/wp-json\/wp\/v2\/users\/1"}],"replies":[{"embeddable":true,"href":"https:\/\/brtranslog.com.br\/mudar\/wp-json\/wp\/v2\/comments?post=78"}],"version-history":[{"count":50,"href":"https:\/\/brtranslog.com.br\/mudar\/wp-json\/wp\/v2\/pages\/78\/revisions"}],"predecessor-version":[{"id":400,"href":"https:\/\/brtranslog.com.br\/mudar\/wp-json\/wp\/v2\/pages\/78\/revisions\/400"}],"wp:attachment":[{"href":"https:\/\/brtranslog.com.br\/mudar\/wp-json\/wp\/v2\/media?parent=78"}],"curies":[{"name":"wp","href":"https:\/\/api.w.org\/{rel}","templated":true}]}}